{"id":94,"date":"2019-03-09T12:20:22","date_gmt":"2019-03-09T12:20:22","guid":{"rendered":"http:\/\/xn--aktivgrtner-q8a.de\/?page_id=94"},"modified":"2024-02-22T18:40:56","modified_gmt":"2024-02-22T16:40:56","slug":"unsere-aktuellen-angebote","status":"publish","type":"page","link":"https:\/\/berchtenbreiter.info\/?page_id=94","title":{"rendered":"Unsere aktuellen Angebote:"},"content":{"rendered":"\n<figure class=\"wp-block-video\"><video height=\"1080\" style=\"aspect-ratio: 1920 \/ 1080;\" width=\"1920\" controls src=\"https:\/\/berchtenbreiter.info\/wp-content\/uploads\/2023\/05\/IMG_2272.mov\"><\/video><figcaption class=\"wp-element-caption\">Unsere Schnittblumenauswahl &#8211; einfach geil<\/figcaption><\/figure>\n\n\n\n\n\n<p><span style=\"color: #ff0000;\"><strong>Bei uns erh\u00e4ltlich &#8211; Balkon Fotovoltaikanlagen &#8211; alles vorr\u00e4tig &#8211; direkt zum Mitnehmen<br><\/strong><\/span><\/p>\n\n\n\n<p><img loading=\"lazy\" decoding=\"async\" class=\"alignnone size-full wp-image-1000\" src=\"https:\/\/berchtenbreiter.info\/wp-content\/uploads\/2022\/12\/IMG_1127.jpg\" alt=\"\" width=\"2048\" height=\"1536\" srcset=\"https:\/\/berchtenbreiter.info\/wp-content\/uploads\/2022\/12\/IMG_1127.jpg 2048w, https:\/\/berchtenbreiter.info\/wp-content\/uploads\/2022\/12\/IMG_1127-300x225.jpg 300w, https:\/\/berchtenbreiter.info\/wp-content\/uploads\/2022\/12\/IMG_1127-1024x768.jpg 1024w, https:\/\/berchtenbreiter.info\/wp-content\/uploads\/2022\/12\/IMG_1127-768x576.jpg 768w, https:\/\/berchtenbreiter.info\/wp-content\/uploads\/2022\/12\/IMG_1127-1536x1152.jpg 1536w\" sizes=\"auto, (max-width: 767px) 89vw, (max-width: 1000px) 54vw, (max-width: 1071px) 543px, 580px\" \/><\/p>\n\n\n\n\n\n<h1><span style=\"color: #ff0000;\"><strong>Im August aktuell bei uns:<\/strong><\/span><\/h1>\n<p>riesenbl\u00fctige Gartenhibiscus mit bis zu 20cm Bl\u00fctendurchmesser<\/p>\n<p>winterhart + mehrj\u00e4hrig<\/p>\n<p>solange Vorrat reicht<\/p>\n<p><img loading=\"lazy\" decoding=\"async\" class=\"alignnone size-full wp-image-628\" src=\"https:\/\/berchtenbreiter.info\/wp-content\/uploads\/2020\/08\/Hibiscus-Staude-XXL-Bl\u00fcten-1-scaled.jpg\" alt=\"\" width=\"1920\" height=\"2560\" srcset=\"https:\/\/berchtenbreiter.info\/wp-content\/uploads\/2020\/08\/Hibiscus-Staude-XXL-Bl\u00fcten-1-scaled.jpg 1920w, https:\/\/berchtenbreiter.info\/wp-content\/uploads\/2020\/08\/Hibiscus-Staude-XXL-Bl\u00fcten-1-225x300.jpg 225w, https:\/\/berchtenbreiter.info\/wp-content\/uploads\/2020\/08\/Hibiscus-Staude-XXL-Bl\u00fcten-1-768x1024.jpg 768w, https:\/\/berchtenbreiter.info\/wp-content\/uploads\/2020\/08\/Hibiscus-Staude-XXL-Bl\u00fcten-1-1152x1536.jpg 1152w, https:\/\/berchtenbreiter.info\/wp-content\/uploads\/2020\/08\/Hibiscus-Staude-XXL-Bl\u00fcten-1-1536x2048.jpg 1536w\" sizes=\"auto, (max-width: 767px) 89vw, (max-width: 1000px) 54vw, (max-width: 1071px) 543px, 580px\" \/> <img loading=\"lazy\" decoding=\"async\" class=\"alignnone size-full wp-image-629\" src=\"https:\/\/berchtenbreiter.info\/wp-content\/uploads\/2020\/08\/Hibiscus-Staude-XXL-Bl\u00fcten-2-scaled.jpg\" alt=\"\" width=\"1920\" height=\"2560\" srcset=\"https:\/\/berchtenbreiter.info\/wp-content\/uploads\/2020\/08\/Hibiscus-Staude-XXL-Bl\u00fcten-2-scaled.jpg 1920w, https:\/\/berchtenbreiter.info\/wp-content\/uploads\/2020\/08\/Hibiscus-Staude-XXL-Bl\u00fcten-2-225x300.jpg 225w, https:\/\/berchtenbreiter.info\/wp-content\/uploads\/2020\/08\/Hibiscus-Staude-XXL-Bl\u00fcten-2-768x1024.jpg 768w, https:\/\/berchtenbreiter.info\/wp-content\/uploads\/2020\/08\/Hibiscus-Staude-XXL-Bl\u00fcten-2-1152x1536.jpg 1152w, https:\/\/berchtenbreiter.info\/wp-content\/uploads\/2020\/08\/Hibiscus-Staude-XXL-Bl\u00fcten-2-1536x2048.jpg 1536w\" sizes=\"auto, (max-width: 767px) 89vw, (max-width: 1000px) 54vw, (max-width: 1071px) 543px, 580px\" \/> <img loading=\"lazy\" decoding=\"async\" class=\"alignnone size-full wp-image-630\" src=\"https:\/\/berchtenbreiter.info\/wp-content\/uploads\/2020\/08\/Hibiscus-Staude-XXL-Bl\u00fcten-4-scaled.jpg\" alt=\"\" width=\"1920\" height=\"2560\" srcset=\"https:\/\/berchtenbreiter.info\/wp-content\/uploads\/2020\/08\/Hibiscus-Staude-XXL-Bl\u00fcten-4-scaled.jpg 1920w, https:\/\/berchtenbreiter.info\/wp-content\/uploads\/2020\/08\/Hibiscus-Staude-XXL-Bl\u00fcten-4-225x300.jpg 225w, https:\/\/berchtenbreiter.info\/wp-content\/uploads\/2020\/08\/Hibiscus-Staude-XXL-Bl\u00fcten-4-768x1024.jpg 768w, https:\/\/berchtenbreiter.info\/wp-content\/uploads\/2020\/08\/Hibiscus-Staude-XXL-Bl\u00fcten-4-1152x1536.jpg 1152w, https:\/\/berchtenbreiter.info\/wp-content\/uploads\/2020\/08\/Hibiscus-Staude-XXL-Bl\u00fcten-4-1536x2048.jpg 1536w\" sizes=\"auto, (max-width: 767px) 89vw, (max-width: 1000px) 54vw, (max-width: 1071px) 543px, 580px\" \/><\/p>\n","protected":false},"excerpt":{"rendered":"<p>Bei uns erh\u00e4ltlich &#8211; Balkon Fotovoltaikanlagen &#8211; alles vorr\u00e4tig &#8211; direkt zum Mitnehmen Im August aktuell bei uns: riesenbl\u00fctige Gartenhibiscus mit bis zu 20cm Bl\u00fctendurchmesser winterhart + mehrj\u00e4hrig solange Vorrat reicht<\/p>\n","protected":false},"author":1,"featured_media":0,"parent":0,"menu_order":0,"comment_status":"closed","ping_status":"closed","template":"","meta":{"ngg_post_thumbnail":0,"footnotes":""},"class_list":["post-94","page","type-page","status-publish","hentry"],"_links":{"self":[{"href":"https:\/\/berchtenbreiter.info\/index.php?rest_route=\/wp\/v2\/pages\/94","targetHints":{"allow":["GET"]}}],"collection":[{"href":"https:\/\/berchtenbreiter.info\/index.php?rest_route=\/wp\/v2\/pages"}],"about":[{"href":"https:\/\/berchtenbreiter.info\/index.php?rest_route=\/wp\/v2\/types\/page"}],"author":[{"embeddable":true,"href":"https:\/\/berchtenbreiter.info\/index.php?rest_route=\/wp\/v2\/users\/1"}],"replies":[{"embeddable":true,"href":"https:\/\/berchtenbreiter.info\/index.php?rest_route=%2Fwp%2Fv2%2Fcomments&post=94"}],"version-history":[{"count":43,"href":"https:\/\/berchtenbreiter.info\/index.php?rest_route=\/wp\/v2\/pages\/94\/revisions"}],"predecessor-version":[{"id":1157,"href":"https:\/\/berchtenbreiter.info\/index.php?rest_route=\/wp\/v2\/pages\/94\/revisions\/1157"}],"wp:attachment":[{"href":"https:\/\/berchtenbreiter.info\/index.php?rest_route=%2Fwp%2Fv2%2Fmedia&parent=94"}],"curies":[{"name":"wp","href":"https:\/\/api.w.org\/{rel}","templated":true}]}}