{"id":91,"date":"2019-03-09T12:17:55","date_gmt":"2019-03-09T12:17:55","guid":{"rendered":"http:\/\/xn--aktivgrtner-q8a.de\/?page_id=91"},"modified":"2021-06-24T12:14:40","modified_gmt":"2021-06-24T10:14:40","slug":"kundenkarten","status":"publish","type":"page","link":"https:\/\/berchtenbreiter.info\/?page_id=91","title":{"rendered":"Kundenkarten"},"content":{"rendered":"\n<p>Kennen Sie schon unsere Kundenkarte?<\/p>\n<p>Mit ihr k\u00f6nnen Sie bei jeden Einkauf einen Bonus sammeln.<\/p>\n<p>2* im Jahr (Januar\/Februar und Juni\/Juli) senden wir Ihnen nach Erreichen von min. 250\u20ac Umsatz einen Bonusgutschein in H\u00f6he von 2 % Ihres Umsatzes zu.<\/p>\n<p>Diesen Gutschein k\u00f6nnen Sie bei Ihren n\u00e4chsten Eink\u00e4ufen einfach an der Kasse einl\u00f6sen. Eine Barauszahlung ist nicht m\u00f6glich.<\/p>\n<p>&nbsp;<\/p>\n<p>Gerne stellen wir Ihnen eine Kundenkarte \/ Zweitkarte \/Partnerkarte) aus.<\/p>\n<p>Den Antrag hierf\u00fcr erhalten Sie an unseren Kassen.<\/p>\n<p>&nbsp;<\/p>\n<p>Unsere Kundenkarte gibt es auch als App f\u00fcr Ihr Smartphone:<\/p>\n<p>-Einfach die App Stocard<\/p>\n<header class=\"header\">\n<div class=\"logo\"><a title=\"Home\" href=\"https:\/\/stocardapp.com\/de\/de\"><img loading=\"lazy\" decoding=\"async\" class=\"alignnone\" src=\"https:\/\/theme.zdassets.com\/theme_assets\/232563\/a6fc226b75637c90385c9c8f156bab58f514f600.png\" alt=\"Logo\" width=\"256\" height=\"60\"><\/a><\/div>\n<\/header>\n<p>aus dem Appstore oder von Google Play installieren.<\/p>\n<p>-Karte hinzuf\u00fcgen &#8211; Blumen Berchtenbreiter ausw\u00e4hlen.<\/p>\n<p>-mit der Kamera Ihres Smartphones den EAN-Code Ihrer Kundenkarte scannen<\/p>\n<p>-Speichern &#8211; fertig<\/p>\n<p>Ab sofort haben Sie Ihre Kundenkarte immer griffbereit auf den Smartphone dabei<\/p>\n","protected":false},"excerpt":{"rendered":"<p>Kennen Sie schon unsere Kundenkarte? Mit ihr k\u00f6nnen Sie bei jeden Einkauf einen Bonus sammeln. 2* im Jahr (Januar\/Februar und Juni\/Juli) senden wir Ihnen nach Erreichen von min. 250\u20ac Umsatz einen Bonusgutschein in H\u00f6he von 2 % Ihres Umsatzes zu. Diesen Gutschein k\u00f6nnen Sie bei Ihren n\u00e4chsten Eink\u00e4ufen einfach an der Kasse einl\u00f6sen. Eine Barauszahlung &hellip; <\/p>\n<p class=\"link-more\"><a href=\"https:\/\/berchtenbreiter.info\/?page_id=91\" class=\"more-link\"><span class=\"screen-reader-text\">\u201eKundenkarten\u201c <\/span>weiterlesen<\/a><\/p>\n","protected":false},"author":1,"featured_media":0,"parent":0,"menu_order":0,"comment_status":"closed","ping_status":"closed","template":"","meta":{"ngg_post_thumbnail":0,"footnotes":""},"class_list":["post-91","page","type-page","status-publish","hentry"],"_links":{"self":[{"href":"https:\/\/berchtenbreiter.info\/index.php?rest_route=\/wp\/v2\/pages\/91","targetHints":{"allow":["GET"]}}],"collection":[{"href":"https:\/\/berchtenbreiter.info\/index.php?rest_route=\/wp\/v2\/pages"}],"about":[{"href":"https:\/\/berchtenbreiter.info\/index.php?rest_route=\/wp\/v2\/types\/page"}],"author":[{"embeddable":true,"href":"https:\/\/berchtenbreiter.info\/index.php?rest_route=\/wp\/v2\/users\/1"}],"replies":[{"embeddable":true,"href":"https:\/\/berchtenbreiter.info\/index.php?rest_route=%2Fwp%2Fv2%2Fcomments&post=91"}],"version-history":[{"count":3,"href":"https:\/\/berchtenbreiter.info\/index.php?rest_route=\/wp\/v2\/pages\/91\/revisions"}],"predecessor-version":[{"id":829,"href":"https:\/\/berchtenbreiter.info\/index.php?rest_route=\/wp\/v2\/pages\/91\/revisions\/829"}],"wp:attachment":[{"href":"https:\/\/berchtenbreiter.info\/index.php?rest_route=%2Fwp%2Fv2%2Fmedia&parent=91"}],"curies":[{"name":"wp","href":"https:\/\/api.w.org\/{rel}","templated":true}]}}