{"id":77,"date":"2019-03-09T11:36:14","date_gmt":"2019-03-09T11:36:14","guid":{"rendered":"http:\/\/xn--aktivgrtner-q8a.de\/?page_id=77"},"modified":"2026-02-09T18:19:25","modified_gmt":"2026-02-09T16:19:25","slug":"elektromobilitaet-stromtankstellen","status":"publish","type":"page","link":"https:\/\/berchtenbreiter.info\/?page_id=77","title":{"rendered":"Elektromobilit\u00e4t"},"content":{"rendered":"<div class=\"wp-block-image\">\n<figure class=\"alignright is-resized\"><img loading=\"lazy\" decoding=\"async\" width=\"342\" height=\"193\" src=\"https:\/\/berchtenbreiter.info\/wp-content\/uploads\/2019\/04\/Elektroauto-e1554713300144.png\" alt=\"\" class=\"wp-image-169\" style=\"width:342px;height:193px\" srcset=\"https:\/\/berchtenbreiter.info\/wp-content\/uploads\/2019\/04\/Elektroauto-e1554713300144.png 342w, https:\/\/berchtenbreiter.info\/wp-content\/uploads\/2019\/04\/Elektroauto-e1554713300144-300x169.png 300w\" sizes=\"auto, (max-width: 342px) 100vw, 342px\" \/><\/figure>\n<\/div>\n\n\n<p>Achtung &#8211; Achtung &#8211; Achtung<\/p>\n<p>Unsere Lades\u00e4ulen sind zur Zeit au\u00dfer Betrieb.<\/p>\n<p>&nbsp;<\/p>\n<p>Wir erneuern unsere S\u00e4ulen. Ab voraussichtlich Ende Februar \/ Mitte M\u00e4rz 2026 stehen dann 4 Lades\u00e4ulen mit 11\/22 kw zur verf\u00fcgung.<\/p>\n<p>&nbsp;<\/p>\n<p>&nbsp;<\/p>\n<p style=\"text-align: left;\"><em>Auf unserem Parkplatz mit 48 Stellpl\u00e4tzen stehen Ihnen 2 Lades\u00e4ulen Typ 2 &#8211; je 22 KW zur Verf\u00fcgung. Diese sind von 4 Stellpl\u00e4tzen aus zu erreichen.<\/em><\/p>\n<p>Der Strom kommt bei Sonnenschein umweltgerecht aus unseren Photovoltaik-Anlagen. Bei tr\u00fcbem Wetter und im Winter aus unseren Blockheizkraftwerken.<\/p>\n<p>Wir erzeugen in unseren BHKW\u00b4s Strom aus Erdgas &#8211; mit der entstehenden Abw\u00e4rme heizen wir unsere Gew\u00e4chsh\u00e4user. So wird das eingesetzte Erdgas bestm\u00f6glich genutzt.<\/p>\n<p>&nbsp;<\/p>\n<p>&nbsp;<\/p>\n\n\n\n<figure class=\"wp-block-image\"><img loading=\"lazy\" decoding=\"async\" width=\"1024\" height=\"768\" src=\"https:\/\/berchtenbreiter.info\/wp-content\/uploads\/2019\/04\/Elektroauto-Zoe-II-1024x768.jpg\" alt=\"\" class=\"wp-image-165\" srcset=\"https:\/\/berchtenbreiter.info\/wp-content\/uploads\/2019\/04\/Elektroauto-Zoe-II-1024x768.jpg 1024w, https:\/\/berchtenbreiter.info\/wp-content\/uploads\/2019\/04\/Elektroauto-Zoe-II-300x225.jpg 300w, https:\/\/berchtenbreiter.info\/wp-content\/uploads\/2019\/04\/Elektroauto-Zoe-II-768x576.jpg 768w\" sizes=\"auto, (max-width: 767px) 89vw, (max-width: 1000px) 54vw, (max-width: 1071px) 543px, 580px\" \/><\/figure>\n","protected":false},"excerpt":{"rendered":"<p>Achtung &#8211; Achtung &#8211; Achtung Unsere Lades\u00e4ulen sind zur Zeit au\u00dfer Betrieb. &nbsp; Wir erneuern unsere S\u00e4ulen. Ab voraussichtlich Ende Februar \/ Mitte M\u00e4rz 2026 stehen dann 4 Lades\u00e4ulen mit 11\/22 kw zur verf\u00fcgung. &nbsp; &nbsp; Auf unserem Parkplatz mit 48 Stellpl\u00e4tzen stehen Ihnen 2 Lades\u00e4ulen Typ 2 &#8211; je 22 KW zur Verf\u00fcgung. Diese &hellip; <\/p>\n<p class=\"link-more\"><a href=\"https:\/\/berchtenbreiter.info\/?page_id=77\" class=\"more-link\"><span class=\"screen-reader-text\">\u201eElektromobilit\u00e4t\u201c <\/span>weiterlesen<\/a><\/p>\n","protected":false},"author":1,"featured_media":0,"parent":0,"menu_order":0,"comment_status":"closed","ping_status":"closed","template":"","meta":{"ngg_post_thumbnail":0,"footnotes":""},"class_list":["post-77","page","type-page","status-publish","hentry"],"_links":{"self":[{"href":"https:\/\/berchtenbreiter.info\/index.php?rest_route=\/wp\/v2\/pages\/77","targetHints":{"allow":["GET"]}}],"collection":[{"href":"https:\/\/berchtenbreiter.info\/index.php?rest_route=\/wp\/v2\/pages"}],"about":[{"href":"https:\/\/berchtenbreiter.info\/index.php?rest_route=\/wp\/v2\/types\/page"}],"author":[{"embeddable":true,"href":"https:\/\/berchtenbreiter.info\/index.php?rest_route=\/wp\/v2\/users\/1"}],"replies":[{"embeddable":true,"href":"https:\/\/berchtenbreiter.info\/index.php?rest_route=%2Fwp%2Fv2%2Fcomments&post=77"}],"version-history":[{"count":3,"href":"https:\/\/berchtenbreiter.info\/index.php?rest_route=\/wp\/v2\/pages\/77\/revisions"}],"predecessor-version":[{"id":1304,"href":"https:\/\/berchtenbreiter.info\/index.php?rest_route=\/wp\/v2\/pages\/77\/revisions\/1304"}],"wp:attachment":[{"href":"https:\/\/berchtenbreiter.info\/index.php?rest_route=%2Fwp%2Fv2%2Fmedia&parent=77"}],"curies":[{"name":"wp","href":"https:\/\/api.w.org\/{rel}","templated":true}]}}