{"id":28,"date":"2019-03-09T11:08:05","date_gmt":"2019-03-09T11:08:05","guid":{"rendered":"http:\/\/xn--aktivgrtner-q8a.de\/?page_id=28"},"modified":"2020-02-08T15:41:50","modified_gmt":"2020-02-08T13:41:50","slug":"wir-ueber-uns","status":"publish","type":"page","link":"https:\/\/berchtenbreiter.info\/?page_id=28","title":{"rendered":"Wir \u00fcber uns"},"content":{"rendered":"\n<p>Mitten im Herzen von Gro\u00dfostheim liegt unsere G\u00e4rtnerei.<\/p>\n<p>Seit 1860 wachsen hier Gem\u00fcse und Zierpflanzen in bester Qualit\u00e4t. Bereits 1863<br>entstand das erste, kleine Gew\u00e4chshaus, ihm folgten viele An-und<br>Neubauten, bis hin zu unserer modernen Verkaufsanlage. Hier finden Sie auf \u00fcber 2000m\u00b2 alles rund um die Pflanze.<\/p>\n<p><br>In unseren Gew\u00e4chsh\u00e4usern w\u00e4chst auf \u00fcber 3500m\u00b2 ein breites<br>Sortiment von Gem\u00fcse- und Zierpflanzen.<br>Nat\u00fcrlich Umweltgerecht \u2013 wir nutzen seit 1970 Regenwasser<br>\u2013 850.000 Liter werden von den Gew\u00e4chshausd\u00e4chern in den<br>unterirdischen Zisternen gesammelt. \u00dcbersch\u00fcssiges Gie\u00dfwasser<br>wird zur\u00fcckgef\u00fchrt und erneut verwendet.<\/p>\n<p>Unseren ben\u00f6tigten Strom produzieren wir zum Gro\u00dfteil mit eigenen Blockheizkraftwerken. Die dabei entstehende Abw\u00e4rme nutzen wir zum Heizen<br>unserer Gew\u00e4chsh\u00e4user. Erg\u00e4nzt wird dies durch 2 Photovoltaikanlagen mit \u00fcber 30 KW Leistung.<br><br>Unser Fachpersonal besteht aus einem G\u00e4rtnermeister, einer<br>Floristenmeisterin, f\u00fcnf Floristinnen, drei G\u00e4rtner\/innen<br>sowie vier weiteren Mitarbeiterinnen.<\/p>\n<p>Wir freuen uns auf Ihren Besuch.<\/p>\n<p>Karin + J\u00fcrgen Berchtenbreiter mit Team<\/p>\n","protected":false},"excerpt":{"rendered":"<p>Mitten im Herzen von Gro\u00dfostheim liegt unsere G\u00e4rtnerei. Seit 1860 wachsen hier Gem\u00fcse und Zierpflanzen in bester Qualit\u00e4t. Bereits 1863entstand das erste, kleine Gew\u00e4chshaus, ihm folgten viele An-undNeubauten, bis hin zu unserer modernen Verkaufsanlage. Hier finden Sie auf \u00fcber 2000m\u00b2 alles rund um die Pflanze. In unseren Gew\u00e4chsh\u00e4usern w\u00e4chst auf \u00fcber 3500m\u00b2 ein breitesSortiment von &hellip; <\/p>\n<p class=\"link-more\"><a href=\"https:\/\/berchtenbreiter.info\/?page_id=28\" class=\"more-link\"><span class=\"screen-reader-text\">\u201eWir \u00fcber uns\u201c <\/span>weiterlesen<\/a><\/p>\n","protected":false},"author":1,"featured_media":0,"parent":0,"menu_order":0,"comment_status":"closed","ping_status":"closed","template":"","meta":{"ngg_post_thumbnail":0,"footnotes":""},"class_list":["post-28","page","type-page","status-publish","hentry"],"_links":{"self":[{"href":"https:\/\/berchtenbreiter.info\/index.php?rest_route=\/wp\/v2\/pages\/28","targetHints":{"allow":["GET"]}}],"collection":[{"href":"https:\/\/berchtenbreiter.info\/index.php?rest_route=\/wp\/v2\/pages"}],"about":[{"href":"https:\/\/berchtenbreiter.info\/index.php?rest_route=\/wp\/v2\/types\/page"}],"author":[{"embeddable":true,"href":"https:\/\/berchtenbreiter.info\/index.php?rest_route=\/wp\/v2\/users\/1"}],"replies":[{"embeddable":true,"href":"https:\/\/berchtenbreiter.info\/index.php?rest_route=%2Fwp%2Fv2%2Fcomments&post=28"}],"version-history":[{"count":2,"href":"https:\/\/berchtenbreiter.info\/index.php?rest_route=\/wp\/v2\/pages\/28\/revisions"}],"predecessor-version":[{"id":391,"href":"https:\/\/berchtenbreiter.info\/index.php?rest_route=\/wp\/v2\/pages\/28\/revisions\/391"}],"wp:attachment":[{"href":"https:\/\/berchtenbreiter.info\/index.php?rest_route=%2Fwp%2Fv2%2Fmedia&parent=28"}],"curies":[{"name":"wp","href":"https:\/\/api.w.org\/{rel}","templated":true}]}}