{"id":116,"date":"2019-03-09T13:09:31","date_gmt":"2019-03-09T13:09:31","guid":{"rendered":"http:\/\/xn--aktivgrtner-q8a.de\/?page_id=116"},"modified":"2021-05-02T19:24:51","modified_gmt":"2021-05-02T17:24:51","slug":"unsere-gaertnerei","status":"publish","type":"page","link":"https:\/\/berchtenbreiter.info\/?page_id=116","title":{"rendered":"Unsere G\u00e4rtnerei"},"content":{"rendered":"\n<p>Seit 1860 sind wir in der 5. Generation im Herzen von Gro\u00dfostheim f\u00fcr Sie da.<\/p>\n<p>Wir &#8211; das sind:<\/p>\n<p>Karin Berchtenbreiter &#8211; Floristmeisterin<\/p>\n<p>J\u00fcrgen Berchtenbreiter &#8211; G\u00e4rtnermeister<\/p>\n<p>3 Zierpflanzeng\u00e4rtner<\/p>\n<p>5 Floristinnen<\/p>\n<p>sowie 5 weitere Mitarbeiter an der Kasse, im B\u00fcro und im Service.<\/p>\n<p>&nbsp;<\/p>\n<p>Unser riesiges Blumen- und Pflanzensortiment w\u00e4chst in unseren eigenen Gew\u00e4chsh\u00e4usern und wird erg\u00e4nzt durch Zukauf von G\u00e4rtnern aus der Region und aus ganz Europa.<\/p>\n<p>Wir sind w\u00f6chentlich f\u00fcr Sie unterwegs, um an der Blumenversteigerung ein Top Sortiment zu erstellen.<\/p>\n<p>Mehrmals pro Woche werden wir mit frischen Schnittblumen f\u00fcr unsere Floristik beliefert und bieten Ihnen hier eines der gr\u00f6\u00dften Sortimente am bayerischen Untermain.<\/p>\n<p>Bereits seit 1970 nutzen wir das Regenwasser unsere Gew\u00e4chshausd\u00e4cher zum Gie\u00dfen unserer Pflanzen. \u00dcber 850.000 Liter werden in unseren unterirdischen Zisternen gesammelt.<\/p>\n<p>Die Bew\u00e4sserung in unseren Gew\u00e4chsh\u00e4usern erfolgt in einem geschlossenen System &#8211; nicht ben\u00f6tigtes Gie\u00dfwasser wird zur\u00fcck gef\u00fchrt und erneut verwendet.<\/p>\n\n\n\n<figure class=\"wp-block-video\"><video height=\"1080\" style=\"aspect-ratio: 1920 \/ 1080;\" width=\"1920\" controls src=\"https:\/\/berchtenbreiter.info\/wp-content\/uploads\/2021\/05\/IMG_5918.mov\"><\/video><figcaption>Rundgang durch eines unserer Gew\u00e4chh\u00e4user<\/figcaption><\/figure>\n","protected":false},"excerpt":{"rendered":"<p>Seit 1860 sind wir in der 5. Generation im Herzen von Gro\u00dfostheim f\u00fcr Sie da. Wir &#8211; das sind: Karin Berchtenbreiter &#8211; Floristmeisterin J\u00fcrgen Berchtenbreiter &#8211; G\u00e4rtnermeister 3 Zierpflanzeng\u00e4rtner 5 Floristinnen sowie 5 weitere Mitarbeiter an der Kasse, im B\u00fcro und im Service. &nbsp; Unser riesiges Blumen- und Pflanzensortiment w\u00e4chst in unseren eigenen Gew\u00e4chsh\u00e4usern und &hellip; <\/p>\n<p class=\"link-more\"><a href=\"https:\/\/berchtenbreiter.info\/?page_id=116\" class=\"more-link\"><span class=\"screen-reader-text\">\u201eUnsere G\u00e4rtnerei\u201c <\/span>weiterlesen<\/a><\/p>\n","protected":false},"author":1,"featured_media":0,"parent":0,"menu_order":0,"comment_status":"closed","ping_status":"closed","template":"","meta":{"ngg_post_thumbnail":0,"footnotes":""},"class_list":["post-116","page","type-page","status-publish","hentry"],"_links":{"self":[{"href":"https:\/\/berchtenbreiter.info\/index.php?rest_route=\/wp\/v2\/pages\/116","targetHints":{"allow":["GET"]}}],"collection":[{"href":"https:\/\/berchtenbreiter.info\/index.php?rest_route=\/wp\/v2\/pages"}],"about":[{"href":"https:\/\/berchtenbreiter.info\/index.php?rest_route=\/wp\/v2\/types\/page"}],"author":[{"embeddable":true,"href":"https:\/\/berchtenbreiter.info\/index.php?rest_route=\/wp\/v2\/users\/1"}],"replies":[{"embeddable":true,"href":"https:\/\/berchtenbreiter.info\/index.php?rest_route=%2Fwp%2Fv2%2Fcomments&post=116"}],"version-history":[{"count":9,"href":"https:\/\/berchtenbreiter.info\/index.php?rest_route=\/wp\/v2\/pages\/116\/revisions"}],"predecessor-version":[{"id":820,"href":"https:\/\/berchtenbreiter.info\/index.php?rest_route=\/wp\/v2\/pages\/116\/revisions\/820"}],"wp:attachment":[{"href":"https:\/\/berchtenbreiter.info\/index.php?rest_route=%2Fwp%2Fv2%2Fmedia&parent=116"}],"curies":[{"name":"wp","href":"https:\/\/api.w.org\/{rel}","templated":true}]}}