{"id":1052,"date":"2023-03-17T11:20:11","date_gmt":"2023-03-17T09:20:11","guid":{"rendered":"https:\/\/berchtenbreiter.info\/?page_id=1052"},"modified":"2026-02-09T18:46:04","modified_gmt":"2026-02-09T16:46:04","slug":"balkon-fotovoltaik","status":"publish","type":"page","link":"https:\/\/berchtenbreiter.info\/?page_id=1052","title":{"rendered":"Fotovoltaik"},"content":{"rendered":"\n<p><\/p>\n\n\n\n<h2><span style=\"color: #ff0000;\"><strong>Info-Veranstaltung zum Thema<\/strong><\/span><\/h2>\n<h2><span style=\"color: #ff0000;\"><strong>Batteriespeicher f\u00fcr Balkonkraftwerke<\/strong><\/span><\/h2>\n<p>&nbsp;<\/p>\n<p>Am Samstag, 21. Februar 2026 ab 9.30 Uhr zeige ich euch bei uns im Gesch\u00e4ft, wie einfach ein Batteriespeicher f\u00fcr Balkonkraftwerke funktionieren kann.<\/p>\n<p>Dabei werden die Themen Planung, Einbau, Betrieb, Nachr\u00fcstung, Neuanlage,&#8230; verst\u00e4ndlich behandelt und anhand einer Musteranlage bei uns im Gesch\u00e4ft gezeigt.<\/p>\n<p>&nbsp;<\/p>\n<p>Dauer der Veranstaltung: ca. 1,5 Stunden<\/p>\n<p>Ich bitte um eine kurze -unverbindliche- Anmeldung unter&nbsp; pv@berchtenbreiter.info&nbsp;<\/p>\n<p>Dies erleichtert mir die Planung der Veranstaltung.<\/p>\n<p>&nbsp;<\/p>\n<p>Mit sonnigen Gr\u00fc\u00dfen<img loading=\"lazy\" decoding=\"async\" class=\"wp-image-1299 alignright\" src=\"https:\/\/berchtenbreiter.info\/wp-content\/uploads\/2026\/02\/PV-DeyeAEFS2-778x1024.jpg\" alt=\"\" width=\"285\" height=\"375\" srcset=\"https:\/\/berchtenbreiter.info\/wp-content\/uploads\/2026\/02\/PV-DeyeAEFS2-778x1024.jpg 778w, https:\/\/berchtenbreiter.info\/wp-content\/uploads\/2026\/02\/PV-DeyeAEFS2-228x300.jpg 228w, https:\/\/berchtenbreiter.info\/wp-content\/uploads\/2026\/02\/PV-DeyeAEFS2-768x1011.jpg 768w, https:\/\/berchtenbreiter.info\/wp-content\/uploads\/2026\/02\/PV-DeyeAEFS2.jpg 883w\" sizes=\"auto, (max-width: 285px) 100vw, 285px\" \/><\/p>\n<p>J\u00fcrgen Berchtenbreiter<\/p>\n<p>&nbsp;<\/p>\n<p>&nbsp;<\/p>\n<p><strong>Balkon-Fotovoltaik<\/strong><\/p>\n<p>In unserem Sortiment haben wir seit Dezember 2022 Balkon Fotovoltaikanlagen.<\/p>\n<p>Bei uns findet Ihr ausgew\u00e4hlte, aufeinander angestimmte Komponenten, alles aus dem Profibereich. Die Anlagen werden immer steckerfertig zusammengestellt.<\/p>\n<p>F\u00fcr Privatanwender im hausnahen bereich entf\u00e4llt seit 1. Januar 2023 die Mehrwertsteuer von 19% auf private PV-Anlagen , incl. Montagematerial bis 30KWp. Daher sind alle genannten Preise Netto-Preise. Bei gewerblicher Nutzung der Anlagen m\u00fcssen wir zzgl. 19% MwSt. berechnen (kann als Vorsteuer geltend gemacht werden).<\/p>\n<p>Die genannten Preise sind Abholpreise der &#8222;Grund-Anlagen&#8220;, bestehend aus:<\/p>\n<p>-hochwertigen Solarpannels<\/p>\n<p>-Mikrowechselrichter, W-Lan f\u00e4hig mit passender App<\/p>\n<p>-5 Meter wetterfestes, UV-best\u00e4ndiges Anschlusskabel mit einem hochwertigen&nbsp;&nbsp; Schukostecker. Dieses Kabel kann bei uns auch in beliebiger L\u00e4nge konfiguriert werden.<\/p>\n<p>Die so erstellte Anlage ist &#8222;Plug &amp; Play&#8220;, das hei\u00dft aufbauen, zusammenstecken, Stecker in eine Steckdose stecken &#8211; und los geht es mit der eigenen Stromproduktion.<\/p>\n<p><strong>Unsere Anlagen entspechen den gesetzlichen Vorgaben und haben 10 Jahre Garantie.<\/strong><\/p>\n<p>Wir haben alle Anlagen + Montagematerialien vorr\u00e4tig, eine Abholung ist nach vorheriger Terminvereinaberung unter Tel: 06026-995930 immer m\u00f6glich.<\/p>\n<p>Die Anlagen + das Montagematerial k\u00f6nnen sie jederzeit zu unseren normalen \u00d6ffnungszeiten besichtigen.<\/p>\n<p><img loading=\"lazy\" decoding=\"async\" class=\"alignnone size-full wp-image-1000\" src=\"https:\/\/berchtenbreiter.info\/wp-content\/uploads\/2022\/12\/IMG_1127.jpg\" alt=\"\" width=\"2048\" height=\"1536\" srcset=\"https:\/\/berchtenbreiter.info\/wp-content\/uploads\/2022\/12\/IMG_1127.jpg 2048w, https:\/\/berchtenbreiter.info\/wp-content\/uploads\/2022\/12\/IMG_1127-300x225.jpg 300w, https:\/\/berchtenbreiter.info\/wp-content\/uploads\/2022\/12\/IMG_1127-1024x768.jpg 1024w, https:\/\/berchtenbreiter.info\/wp-content\/uploads\/2022\/12\/IMG_1127-768x576.jpg 768w, https:\/\/berchtenbreiter.info\/wp-content\/uploads\/2022\/12\/IMG_1127-1536x1152.jpg 1536w\" sizes=\"auto, (max-width: 767px) 89vw, (max-width: 1000px) 54vw, (max-width: 1071px) 543px, 580px\" \/><\/p>\n<p>Folgende Anlagen haben wir auf Lager:<\/p>\n<p><strong><span style=\"color: #ff0000;\">300 Wp<\/span><\/strong>, bestehend aus:<\/p>\n<p>Mikro-Wechselrichter 300Watt, 5 Meter Anschlusskabel mit Schukostecker,<\/p>\n<p>1 Solarpanel 440 Watt Full Black&nbsp; &#8211; oder 1 Solarpanel Black BiFaz 500Wp (390W +110W)<\/p>\n<p>&nbsp; zum Set-Preis von <span style=\"color: #ff0000;\"><strong>299,00 \u20ac netto<\/strong> <\/span><\/p>\n<p>&nbsp;<\/p>\n<p><strong><span style=\"color: #ff0000;\">600Wp<\/span><\/strong>, bestehend aus:<\/p>\n<p>Mikro-Wechselrichter 600Watt,<\/p>\n<p>5 Meter Anschlusskabel mit Schukostecker,&nbsp;&nbsp;<\/p>\n<p>2 bifaziale Solarpannel \u00e1 440W Full Black, TopCon<\/p>\n<p>oder<\/p>\n<p>2 bifaziale Solarpanel \u00e1 390 Watt (max. 500W)<\/p>\n<p>PV-Verl\u00e4ngerungskabel zur einfachen Montage<\/p>\n<p>zum Set-Preis von <span style=\"color: #ff0000;\"><strong>385<\/strong><strong>,00 \u20ac netto<\/strong><\/span><\/p>\n<p>&nbsp;<\/p>\n<p><strong><span style=\"color: #ff0000;\">800Wp<\/span><\/strong>, bestehens aus:<\/p>\n<p>Mikro-Wechselrichter 800Watt,<\/p>\n<p>5 Meter Anschlusskabel mit Schukostecker,&nbsp;<\/p>\n<p>2 bifaziale Solarpanel \u00e1 390 Watt (max. 500W)<\/p>\n<p>oder<\/p>\n<p>2 bifaziale Solarpannel \u00e1 440W Full Black, TopCon<\/p>\n<p>PV-Verl\u00e4ngerungskabel zur einfachen Montage&nbsp;<\/p>\n<p>zum Set-Preis von <span style=\"color: #ff0000;\"><strong>399,00 \u20ac netto<\/strong><\/span><\/p>\n<p>&nbsp;<\/p>\n<p>&nbsp;<\/p>\n<p><span style=\"color: #ff0000;\"><strong>2000Wp<\/strong><\/span>, bestehens aus:<\/p>\n<p>Mikro-Wechselrichter 2000Watt,<\/p>\n<p>5 Meter Anschlusskabel mit Schukostecker,&nbsp;<\/p>\n<p>4 bifaziale Solarpanel \u00e1 390 Watt (max. 500W)<\/p>\n<p>oder<\/p>\n<p>4 bifaziale Solarpannel \u00e1 440W Full Black, TopCon<\/p>\n<p>PV-Verl\u00e4ngerungskabel zur einfachen Montage&nbsp;<\/p>\n<p>zum Set-Preis von <span style=\"color: #ff0000;\"><strong>750,00 \u20ac netto<\/strong><\/span><\/p>\n<p>Das ben\u00f6tigte Montagematerial f\u00fcr viel&nbsp; Aufbausituationen (Garagendach, Hausdach, Aufst\u00e4nderung im Garten, Balkon, Trapetzblechdach,&#8230; haben wir selbstverst\u00e4ndlich auch vorr\u00e4tig.<\/p>\n<p>Einfach zum Beratungstermin 2-3 Handyfotos des gew\u00fcnschten Aufbauplatzes mitbringen.<\/p>\n<p>&nbsp;<\/p>\n<p><strong>Batteriespeicher f\u00fcr Balkonkraftwerke<\/strong><\/p>\n<p>Deye Batteriespeicher 2kWh AE-FS2.0<\/p>\n<p>Der Batteriespeicher von Deye f\u00fcr Balkon-PV-Anlagen.<\/p>\n<p>F\u00fcr den Neubau von Anlagen oder zum Nachr\u00fcsten bestehender Anlagen.<\/p>\n<p>Mit integriertem Wechselrichter, Notstrom 230V, Notstrom USB A+C<\/p>\n<p>2kWh Speicher, erweiterbar in 2kWh Modulen auf max. 10 kWh,&#8230;<\/p>\n<p>Bei uns vorr\u00e4tig.<\/p>\n<p><img loading=\"lazy\" decoding=\"async\" class=\"alignnone  wp-image-1299\" src=\"https:\/\/berchtenbreiter.info\/wp-content\/uploads\/2026\/02\/PV-DeyeAEFS2-778x1024.jpg\" alt=\"\" width=\"279\" height=\"367\" srcset=\"https:\/\/berchtenbreiter.info\/wp-content\/uploads\/2026\/02\/PV-DeyeAEFS2-778x1024.jpg 778w, https:\/\/berchtenbreiter.info\/wp-content\/uploads\/2026\/02\/PV-DeyeAEFS2-228x300.jpg 228w, https:\/\/berchtenbreiter.info\/wp-content\/uploads\/2026\/02\/PV-DeyeAEFS2-768x1011.jpg 768w, https:\/\/berchtenbreiter.info\/wp-content\/uploads\/2026\/02\/PV-DeyeAEFS2.jpg 883w\" sizes=\"auto, (max-width: 279px) 100vw, 279px\" \/><\/p>\n<p>&nbsp;<\/p>\n<p>PV Deye Wireless Smartmeter Typ1 f\u00fcr Deye AE-FS2.0-2H2 SUN-SMART-CT01<\/p>\n<p>Macht deinen Balkonspeicher &#8222;Intelligent&#8220;<\/p>\n<p>Watt-genaues Beladen und Entladen des Batteriespeichers.<\/p>\n<p>Kommuniziert \u00fcber Funk (Lora) mit dem Deye Wechselrichter.<\/p>\n<p><img loading=\"lazy\" decoding=\"async\" class=\"alignnone size-large wp-image-1300\" src=\"https:\/\/berchtenbreiter.info\/wp-content\/uploads\/2026\/02\/PV-DEYE-SUN-SMART-CT01-1024x673.png\" alt=\"\" width=\"525\" height=\"345\" srcset=\"https:\/\/berchtenbreiter.info\/wp-content\/uploads\/2026\/02\/PV-DEYE-SUN-SMART-CT01-1024x673.png 1024w, https:\/\/berchtenbreiter.info\/wp-content\/uploads\/2026\/02\/PV-DEYE-SUN-SMART-CT01-300x197.png 300w, https:\/\/berchtenbreiter.info\/wp-content\/uploads\/2026\/02\/PV-DEYE-SUN-SMART-CT01-768x505.png 768w, https:\/\/berchtenbreiter.info\/wp-content\/uploads\/2026\/02\/PV-DEYE-SUN-SMART-CT01-1536x1009.png 1536w, https:\/\/berchtenbreiter.info\/wp-content\/uploads\/2026\/02\/PV-DEYE-SUN-SMART-CT01-2048x1346.png 2048w\" sizes=\"auto, (max-width: 525px) 100vw, 525px\" \/><\/p>\n<p>&nbsp;<\/p>\n<p>&nbsp;<\/p>\n<p>&nbsp;<\/p>\n<p>Aufgrund vieler Nachfragen auch in unserem Sortiment:<\/p>\n<p>Zum Umbau \/ Erweiterung \/ Erg\u00e4nzung bestehender oder Neubau Ihrer Fotovoltaikanlage mit Batteriespeicher &#8211; Erh\u00f6hung des Eigenstromverbrauchs aus der eigenen PV.<\/p>\n<p>-Ersatzstromf\u00e4hig (Ersatzstrom bei Stromausfall in unter 4 mS)<\/p>\n<p>-Leistung skalierbar beim Wechselrichter (bis zu 10 St\u00fcck im Parallelbetrieb) und bei den Batteriemodulen (bis zu&nbsp; 56 Module \/ 280 kWh Speichergr\u00f6\u00dfe).<\/p>\n<p>-auch zur Erstellung von Inselstromversorgung geeignet (netzunabh\u00e4ngig &#8211; autark)<\/p>\n<h2><strong>Deye Hybrid Wechselrichter&nbsp; 6-12 KW<\/strong><\/h2>\n<p><img loading=\"lazy\" decoding=\"async\" class=\"wp-image-1120 alignleft\" src=\"https:\/\/berchtenbreiter.info\/wp-content\/uploads\/2023\/10\/DEYE-SUN-6k-12k_600x600.jpg\" alt=\"\" width=\"182\" height=\"277\" srcset=\"https:\/\/berchtenbreiter.info\/wp-content\/uploads\/2023\/10\/DEYE-SUN-6k-12k_600x600.jpg 394w, https:\/\/berchtenbreiter.info\/wp-content\/uploads\/2023\/10\/DEYE-SUN-6k-12k_600x600-197x300.jpg 197w\" sizes=\"auto, (max-width: 182px) 100vw, 182px\" \/><\/p>\n<p>z.B.:<\/p>\n<p><strong>DEYE 10KW Hybrid PV-Wechselrichter 3Phasig SUN-10K-SG04LP3-E<\/strong> <br>Der SUN-10K-SG04LP3 ist ein brandneuer dreiphasiger Hybrid-Wechselrichter mit niedriger Batteriespannung von 48V<br>Farbiges Touch-LCD-Display, Schutzart IP65.<br>DC- und AC-Kopplung zur Nachr\u00fcstung bestehender PV-Anlage.<br>Einzigartige Smart Load-Anwendung und Grid-Peak-Shaving-Funktion.<br>Notstrom mit einer Umschaltzeit von unter 4ms<br>Bis zu 10 St\u00fcck im Parallelbetrieb m\u00f6glich, Netzgebunden und im Inselbetrieb. Unterst\u00fctzung f\u00fcr Batterien im Parallelbetrieb.<br>Max. Lade- &amp; Entladestrom von 240A.<br>6 Zeitr\u00e4ume f\u00fcr das Laden &amp; Einladen der Batterie programmierbar.<br>Anschluss und Steuerung von externen Generatoren m\u00f6glich. Diese k\u00f6nnen auch die Batterie laden.<br>100% unsymmetrischer Ausgang, jede Phase, Max. Ausgang bis zu 50% der Nennleistung<\/p>\n<p>5 Jahre Garantie &#8211; auf Wunsch beim Kauf auf 10 Jahre erweiterbar<\/p>\n<p>&nbsp;<\/p>\n<h2><strong>Stromspeicher f\u00fcr Ihre Fotovoltaikanlage:<\/strong><\/h2>\n<p><img loading=\"lazy\" decoding=\"async\" class=\"wp-image-1121 alignleft\" src=\"https:\/\/berchtenbreiter.info\/wp-content\/uploads\/2023\/10\/PV-Pytes-E-Box-48100R-1920x1920-1.jpg\" alt=\"\" width=\"287\" height=\"344\" srcset=\"https:\/\/berchtenbreiter.info\/wp-content\/uploads\/2023\/10\/PV-Pytes-E-Box-48100R-1920x1920-1.jpg 901w, https:\/\/berchtenbreiter.info\/wp-content\/uploads\/2023\/10\/PV-Pytes-E-Box-48100R-1920x1920-1-250x300.jpg 250w, https:\/\/berchtenbreiter.info\/wp-content\/uploads\/2023\/10\/PV-Pytes-E-Box-48100R-1920x1920-1-854x1024.jpg 854w, https:\/\/berchtenbreiter.info\/wp-content\/uploads\/2023\/10\/PV-Pytes-E-Box-48100R-1920x1920-1-768x921.jpg 768w\" sizes=\"auto, (max-width: 287px) 100vw, 287px\" \/><\/p>\n<p><strong>PYTES E-Box-48100R-A LiFePO4 battery pack<\/strong><br>5,12 kWh 48Volt LFP-Batterie<br>Eigenverbrauch<br>Speichern Sie \u00fcbersch\u00fcssige Energie von Fotovoltaikanlagen und verwenden Sie diese wann immer es erforderlich ist.<\/p>\n<p>10 Jahre Garantie<br>Auf dieses absolute Qualit\u00e4tspodukt erhalten Sie 10 Jahre Garantie.<\/p>\n<p>Notstromversorgung<br>Bereitstellen von Strom bei Netzausfall in k\u00fcrzester Zeit.<\/p>\n<p>Reduzierung der Stromrechnungen<br>Laden Sie den Akku w\u00e4hrend der Sonnenstunden auf und entladen Sie den Akku w\u00e4hrend der Nacht.<\/p>\n<p>Intelligentes Energiemanagement<br>Messen, \u00fcberwachen und verwalten in Echtzeit und Optimierung der Systemlebensdauer durch intelligente Algorithmen.<\/p>\n<p>L\u00e4ngste Lebensdauer<br>Und h\u00f6chste Sicherheit bei mehr als 6000 Zyklen @90% DOD.<\/p>\n<p>Es k\u00f6nnen bis zu 56 Speicher parallel betrieben werden. Dies entspricht einem Gesamtspeicher von 280 kWh<\/p>\n<h2><strong>Musteraufbau PV Hybrid Wechselrichter mit Stromspeicher &nbsp;<\/strong><strong> <br><\/strong><\/h2>\n<p><img loading=\"lazy\" decoding=\"async\" class=\"wp-image-1124 alignleft\" src=\"https:\/\/berchtenbreiter.info\/wp-content\/uploads\/2023\/10\/PV-Musteraufbau.jpg\" alt=\"\" width=\"417\" height=\"972\" srcset=\"https:\/\/berchtenbreiter.info\/wp-content\/uploads\/2023\/10\/PV-Musteraufbau.jpg 724w, https:\/\/berchtenbreiter.info\/wp-content\/uploads\/2023\/10\/PV-Musteraufbau-129x300.jpg 129w, https:\/\/berchtenbreiter.info\/wp-content\/uploads\/2023\/10\/PV-Musteraufbau-439x1024.jpg 439w, https:\/\/berchtenbreiter.info\/wp-content\/uploads\/2023\/10\/PV-Musteraufbau-659x1536.jpg 659w\" sizes=\"auto, (max-width: 417px) 100vw, 417px\" \/><\/p>\n<p>Wir zeigen Ihnen anhand eines aufgebauten Wechselrichters in unserem Gesch\u00e4ft, wie eine solche Anlage funktioniert und was alles damit m\u00f6glich ist.<\/p>\n<p>&nbsp;<\/p>\n<p>&nbsp;<\/p>\n<p>&nbsp;<\/p>\n<p>&nbsp;<\/p>\n\n\n\n<p><\/p>\n\n\n\n<p>&nbsp;<\/p>\n<p>&nbsp;<\/p>\n<p>&nbsp;<\/p>\n<p>&nbsp;<\/p>\n<p>&nbsp;<\/p>\n<p>&nbsp;<\/p>\n<p>&nbsp;<\/p>\n<p>&nbsp;<\/p>\n<p>&nbsp;<\/p>\n<p>&nbsp;<\/p>\n<p>&nbsp;<\/p>\n<p>&nbsp;<\/p>\n<p>&nbsp;<\/p>\n<p>&nbsp;<\/p>\n<p>Alle genannten Artikel + Preise g\u00fcltig, solange Vorrat reicht.<\/p>\n<p>&nbsp;<\/p>\n<p>Beratung + Abholung nur nach vorheriger Terminvereinbarung.<\/p>\n<p>Besichtigung unserer Musteranlagen jederzeit zu unseren normalen \u00d6ffnungszeiten.<\/p>\n\n\n\n<p><\/p>\n\n\n\n<p>Anschlie\u00dfend gerne Einzelberatung, allgemeine Fragen,&#8230;<\/p>\n\n\n\n<p>&#8212;Hierf\u00fcr kann leider kein genauer Zeitplan genannt werden&#8212;<\/p>\n\n\n\n<p>Einfach vorbeikommen und Informieren.<\/p>\n\n\n\n<p>Um uns die Planung zu erleichtern, k\u00f6nnen Sie sich gerne formlos anmelden unter:<\/p>\n\n\n\n<p>Email: &nbsp;&nbsp; pv@berchtenbreiter.info<\/p>\n\n\n\n<p>Ich freue mich auf Ihr Kommen<\/p>\n\n\n\n<p>J\u00fcrgen Berchtenbreiter<\/p>\n","protected":false},"excerpt":{"rendered":"<p>Info-Veranstaltung zum Thema Batteriespeicher f\u00fcr Balkonkraftwerke &nbsp; Am Samstag, 21. Februar 2026 ab 9.30 Uhr zeige ich euch bei uns im Gesch\u00e4ft, wie einfach ein Batteriespeicher f\u00fcr Balkonkraftwerke funktionieren kann. Dabei werden die Themen Planung, Einbau, Betrieb, Nachr\u00fcstung, Neuanlage,&#8230; verst\u00e4ndlich behandelt und anhand einer Musteranlage bei uns im Gesch\u00e4ft gezeigt. &nbsp; Dauer der Veranstaltung: ca. &hellip; <\/p>\n<p class=\"link-more\"><a href=\"https:\/\/berchtenbreiter.info\/?page_id=1052\" class=\"more-link\"><span class=\"screen-reader-text\">\u201eFotovoltaik\u201c <\/span>weiterlesen<\/a><\/p>\n","protected":false},"author":1,"featured_media":0,"parent":0,"menu_order":0,"comment_status":"closed","ping_status":"closed","template":"","meta":{"ngg_post_thumbnail":0,"footnotes":""},"class_list":["post-1052","page","type-page","status-publish","hentry"],"_links":{"self":[{"href":"https:\/\/berchtenbreiter.info\/index.php?rest_route=\/wp\/v2\/pages\/1052","targetHints":{"allow":["GET"]}}],"collection":[{"href":"https:\/\/berchtenbreiter.info\/index.php?rest_route=\/wp\/v2\/pages"}],"about":[{"href":"https:\/\/berchtenbreiter.info\/index.php?rest_route=\/wp\/v2\/types\/page"}],"author":[{"embeddable":true,"href":"https:\/\/berchtenbreiter.info\/index.php?rest_route=\/wp\/v2\/users\/1"}],"replies":[{"embeddable":true,"href":"https:\/\/berchtenbreiter.info\/index.php?rest_route=%2Fwp%2Fv2%2Fcomments&post=1052"}],"version-history":[{"count":41,"href":"https:\/\/berchtenbreiter.info\/index.php?rest_route=\/wp\/v2\/pages\/1052\/revisions"}],"predecessor-version":[{"id":1313,"href":"https:\/\/berchtenbreiter.info\/index.php?rest_route=\/wp\/v2\/pages\/1052\/revisions\/1313"}],"wp:attachment":[{"href":"https:\/\/berchtenbreiter.info\/index.php?rest_route=%2Fwp%2Fv2%2Fmedia&parent=1052"}],"curies":[{"name":"wp","href":"https:\/\/api.w.org\/{rel}","templated":true}]}}